{"id":145,"date":"2013-08-14T10:28:07","date_gmt":"2013-08-14T10:28:07","guid":{"rendered":"http:\/\/businessculture.org\/de\/?page_id=145"},"modified":"2013-11-15T16:21:47","modified_gmt":"2013-11-15T16:21:47","slug":"portugal","status":"publish","type":"page","link":"https:\/\/businessculture.org\/cz\/southern-europe\/portugal\/","title":{"rendered":"Portugal (Portugalsko)"},"content":{"rendered":"<p><img loading=\"lazy\" decoding=\"async\" class=\"alignright\" alt=\"Portugal-flag-240\" src=\"http:\/\/businessculture.org\/wp-content\/uploads\/2013\/06\/Portugal-flag-240.png\" width=\"197\" height=\"128\" \/><\/p>\n<h1><\/h1>\n<h2>Firemn\u00ed etiketa \u2013 postoje k cizinc\u016fm<\/h2>\n<p>Portugalci jsou k cizinc\u016fm v\u0161eobecn\u011b velmi p\u0159\u00e1tel\u0161t\u00ed a p\u0159\u00edv\u011btiv\u00fd, jsou up\u0159\u00edmn\u00ed a \u0159eknou, co maj\u00ed na srdci. Osobn\u00ed vztahy jsou v obchodu velmi d\u016fle\u017eit\u00e9, \u010dasto stejn\u011b d\u016fle\u017eit\u00e9, jako samotn\u00fd produkt \u010di slu\u017eba, kter\u00e9 jsou p\u0159edm\u011btem jedn\u00e1n\u00ed. Portugalci tedy preferuj\u00ed obchodov\u00e1n\u00ed s lidmi, kter\u00fdm mohou v\u011b\u0159it. Vytvo\u0159en\u00ed takov\u00e9ho vztahu m\u016f\u017ee zabrat n\u011bjak\u00fd \u010das, Portugalci tak\u00e9 up\u0159ednost\u0148uj\u00ed dlouhodob\u00e9 spolupr\u00e1ce p\u0159ed jednor\u00e1zov\u00fdmi obchody. Portugalci chovaj\u00ed k cizinc\u016fm respekt a v\u011bt\u0161inou v\u0159ele v\u00edtaj\u00ed jak je, tak jejich n\u00e1zory. V 70. letech bylo na zahrani\u010dn\u00ed produkty p\u0159ich\u00e1zej\u00edc\u00ed do Portugalska pohl\u00ed\u017eeno jako na \u201chork\u00e9 novinky\u201d, dnes ji\u017e Portugalci preferuj\u00ed kupov\u00e1n\u00ed vlastn\u00edch produkt\u016f, i kdy\u017e jsou pov\u011bt\u0161inou o n\u011bco dra\u017e\u0161\u00ed.<\/p>\n<p>&nbsp;<\/p>\n<h2>V\u0161eobecn\u00e9 vzd\u011bl\u00e1v\u00e1n\u00ed<\/h2>\n<p>Portugalsk\u00fd vzd\u011bl\u00e1vac\u00ed syst\u00e9m bere ohled na evropsk\u00e9 standardy, nen\u00ed ale tak vyvinut\u00fd jako ostatn\u00ed z\u00e1padoevropsk\u00e9. Na konci 19. stolet\u00ed negramotnost \u010dinila v\u00edce ne\u017e 80 procent a vy\u0161\u0161\u00ed vzd\u011bl\u00e1n\u00ed bylo vyhrazeno pro mal\u00e9 procento populace. Dle s\u010d\u00edt\u00e1n\u00ed lidu v roce 1930 bylo 68,1 procent obyvatel Portugalska st\u00e1le klasifikov\u00e1no jako analfabeti. D\u016fvodem byla pravd\u011bpodobn\u011b politika izolace od zbytku Evropy a represe, kter\u00e9 trvaly a\u017e do revoluce v roce 1974. V 90. letech minul\u00e9ho stolet\u00ed bylo 15% Portugalc\u016f st\u00e1le negramotn\u00fdch, nejv\u011bt\u0161\u00ed \u010d\u00e1st z tohoto procenta tvo\u0159ili sta\u0159\u00ed lid\u00e9. Probl\u00e9mem byl slab\u00fd z\u00e1jem o pokra\u010dov\u00e1n\u00ed studia po ukon\u010den\u00ed prim\u00e1rn\u00edho vzd\u011bl\u00e1v\u00e1n\u00ed zejm\u00e9na ve venkovsk\u00fdch oblastech, kde d\u011bti za\u010d\u00ednaly pracovat v mlad\u00e9m v\u011bku, slab\u00e9 vybaven\u00ed u\u010deben, \u0161patn\u011b placen\u00ed u\u010ditel\u00e9, nespr\u00e1vn\u011b nastaven\u00e1 \u0161koln\u00ed osnova a miziv\u00e9 procento z\u00e1jemc\u016f o vzd\u011bl\u00e1n\u00ed na vysok\u00fdch \u0161kol\u00e1ch.<\/p>\n<p>Dnes je m\u00edra gramotnosti v Portugalsku 90% a zejm\u00e9na u mlad\u0161\u00edch generac\u00ed je strm\u011b stoupaj\u00edc\u00ed po\u010det po\u010d\u00edta\u010dov\u011b gramotn\u00fdch (i kdy\u017e ne tak vysok\u00fd jako v ostatn\u00edch severn\u00edch a z\u00e1padn\u00edch evropsk\u00fdch zem\u00edch). Vyu\u017eit\u00ed informa\u010dn\u00edch technologi\u00ed se v zemi ve firm\u00e1ch a obchodu velmi rozv\u00edj\u00ed, od mana\u017eer\u016f je tato gramotnost o\u010dek\u00e1v\u00e1na.<\/p>\n<p>&nbsp;<\/p>\n<h2>Firemn\u00ed komunikace &#8211; vytv\u00e1\u0159en\u00ed kontaktu<\/h2>\n<p>B\u011b\u017en\u00fdm zp\u016fsobem pozdravu p\u0159i obchodn\u00edch situac\u00edch je vl\u00eddn\u00fd, laskav\u00fd a pevn\u00fd stisk ruky s \u00fasm\u011bvem a entusiasmem na rtech. Podan\u00ed ruky je slu\u0161nost\u00ed i s lidmi, kter\u00e9 jste ji\u017e vid\u011bli mnohokr\u00e1t. Pokud jste poprv\u00e9 p\u0159edstavov\u00e1n \u017een\u011b, jako pozdrav pou\u017eijte tak\u00e9 stisk ruky, polibek na tv\u00e1\u0159 nen\u00ed b\u011b\u017enou prax\u00ed (pokud v\u00e1m k tomu \u017eena sama nevyb\u00eddne). M\u00edrn\u00e9 objet\u00ed je akceptovan\u00e9 pouze pro obchodn\u00ed partnery, kte\u0159\u00ed se ji\u017e znaj\u00ed d\u00e9le.<\/p>\n<p>Fyzick\u00fd kontakt je v\u0161ak v Portugalsku b\u011b\u017en\u011bj\u0161\u00ed v porovn\u00e1n\u00ed s nap\u0159. seversk\u00fdmi zem\u011bmi: lid\u00e9 stoj\u00ed p\u0159i konverzaci bl\u00ed\u017ee a udr\u017euj\u00ed o\u010dn\u00ed kontakt. Nab\u00edzen\u00ed r\u00e1m\u011b koleg\u016fm a p\u0159\u00e1tel\u016fm je p\u0159i poch\u016fzk\u00e1ch m\u011bstem b\u011b\u017en\u00e9, je gestem d\u016fv\u011bry a srde\u010dnosti.<\/p>\n<p>&nbsp;<\/p>\n<h2>Firemn\u00ed etiketa \u2013 obchodn\u00ed jedn\u00e1n\u00ed<\/h2>\n<p>Portugalsk\u00e9 spole\u010dnosti r\u00e1di projedn\u00e1van\u00ed s obchodn\u00edky z ciziny potenci\u00e1ln\u00ed byznys. Na zahrani\u010dn\u00ed spole\u010dnosti je nahl\u00ed\u017eeno jako na modern\u011bj\u0161\u00ed inovativn\u011bj\u0161\u00ed a p\u0159in\u00e1\u0161ej\u00edc\u00ed hodnotu, zku\u0161enosti a kvalitu. Na druhou stranu, z po\u010d\u00e1tku nemus\u00ed b\u00fdt snadn\u00e9 dostat se k odpov\u00eddaj\u00edc\u00ed osob\u011b, kter\u00e1 m\u00e1 v rukou rozhoduj\u00edc\u00ed moc. V Portugalsk\u00e9m obchodn\u00edm sv\u011bt\u011b funguje hierarchizace, nejv\u00fd\u0161e postaven\u00e1 osoba m\u00e1 rozhodovac\u00ed moc. \u00davodn\u00ed v\u00fdzva je jedn\u00e1n\u00ed se sekret\u00e1\u0159kami a tajemn\u00edky, kte\u0159\u00ed filtruj\u00ed n\u00e1v\u0161t\u011bvn\u00edky v\u00fd\u0161e postaven\u00fdm vedouc\u00edm.<\/p>\n<p>Vytvo\u0159en\u00ed s\u00edt\u011b obchodn\u00edch spole\u010dn\u00edk\u016f je alfou a omegou \u00fasp\u011bchu, o\u010dek\u00e1vejte, \u017ee do budov\u00e1n\u00ed osobn\u00edch vztah\u016f bude t\u0159eba investovat velk\u00e9 mno\u017estv\u00ed \u010dasu. Portugalci preferuj\u00ed osobn\u00ed setk\u00e1n\u00ed vice ne\u017e psanou komunikaci \u010di telefonick\u00e9 rozhovory, kter\u00e9 jsou pova\u017eov\u00e1ny za neosobn\u00ed. Obchodn\u00ed vztahy nejsou tvo\u0159eny se spole\u010dnost\u00ed ale s lidmi: pokud firma vym\u011bn\u00ed sv\u00e9ho obchodn\u00edho z\u00e1stupce, proces oboustrann\u00e9 d\u016fv\u011bry, kter\u00e1 mohla b\u00fdt l\u00e9ta budov\u00e1na, m\u016f\u017ee za\u010d\u00edt znovu od za\u010d\u00e1tku.<\/p>\n<p>&nbsp;<\/p>\n","protected":false},"excerpt":{"rendered":"<p>Firemn\u00ed etiketa \u2013 postoje k cizinc\u016fm Portugalci jsou k cizinc\u016fm v\u0161eobecn\u011b velmi p\u0159\u00e1tel\u0161t\u00ed a p\u0159\u00edv\u011btiv\u00fd, jsou up\u0159\u00edmn\u00ed a \u0159eknou, co maj\u00ed na srdci. Osobn\u00ed vztahy jsou v obchodu velmi d\u016fle\u017eit\u00e9, \u010dasto stejn\u011b d\u016fle\u017eit\u00e9, jako samotn\u00fd produkt \u010di slu\u017eba, kter\u00e9 jsou p\u0159edm\u011btem jedn\u00e1n\u00ed. Portugalci tedy preferuj\u00ed obchodov\u00e1n\u00ed s lidmi, kter\u00fdm mohou v\u011b\u0159it. Vytvo\u0159en\u00ed takov\u00e9ho vztahu m\u016f\u017ee &hellip; <a href=\"https:\/\/businessculture.org\/cz\/southern-europe\/portugal\/\" class=\"more-link\">Continue reading <span class=\"screen-reader-text\">Portugal (Portugalsko)<\/span> <span class=\"meta-nav\">&rarr;<\/span><\/a><\/p>\n","protected":false},"author":1,"featured_media":0,"parent":35,"menu_order":0,"comment_status":"closed","ping_status":"closed","template":"","meta":{"footnotes":""},"class_list":["post-145","page","type-page","status-publish","hentry"],"yoast_head":"<!-- This site is optimized with the Yoast SEO plugin v27.4 - https:\/\/yoast.com\/product\/yoast-seo-wordpress\/ -->\n<title>Portugal (Portugalsko) - Business Culture Czech Republic<\/title>\n<meta name=\"robots\" content=\"index, follow, max-snippet:-1, max-image-preview:large, max-video-preview:-1\" \/>\n<link rel=\"canonical\" href=\"https:\/\/businessculture.org\/cz\/southern-europe\/portugal\/\" \/>\n<meta name=\"twitter:label1\" content=\"Est. reading time\" \/>\n\t<meta name=\"twitter:data1\" content=\"4 minutes\" \/>\n<script type=\"application\/ld+json\" class=\"yoast-schema-graph\">{\"@context\":\"https:\\\/\\\/schema.org\",\"@graph\":[{\"@type\":\"WebPage\",\"@id\":\"https:\\\/\\\/businessculture.org\\\/cz\\\/southern-europe\\\/portugal\\\/\",\"url\":\"https:\\\/\\\/businessculture.org\\\/cz\\\/southern-europe\\\/portugal\\\/\",\"name\":\"Portugal (Portugalsko) - Business Culture Czech Republic\",\"isPartOf\":{\"@id\":\"https:\\\/\\\/businessculture.org\\\/cz\\\/#website\"},\"primaryImageOfPage\":{\"@id\":\"https:\\\/\\\/businessculture.org\\\/cz\\\/southern-europe\\\/portugal\\\/#primaryimage\"},\"image\":{\"@id\":\"https:\\\/\\\/businessculture.org\\\/cz\\\/southern-europe\\\/portugal\\\/#primaryimage\"},\"thumbnailUrl\":\"http:\\\/\\\/businessculture.org\\\/wp-content\\\/uploads\\\/2013\\\/06\\\/Portugal-flag-240.png\",\"datePublished\":\"2013-08-14T10:28:07+00:00\",\"dateModified\":\"2013-11-15T16:21:47+00:00\",\"breadcrumb\":{\"@id\":\"https:\\\/\\\/businessculture.org\\\/cz\\\/southern-europe\\\/portugal\\\/#breadcrumb\"},\"inLanguage\":\"en-US\",\"potentialAction\":[{\"@type\":\"ReadAction\",\"target\":[\"https:\\\/\\\/businessculture.org\\\/cz\\\/southern-europe\\\/portugal\\\/\"]}]},{\"@type\":\"ImageObject\",\"inLanguage\":\"en-US\",\"@id\":\"https:\\\/\\\/businessculture.org\\\/cz\\\/southern-europe\\\/portugal\\\/#primaryimage\",\"url\":\"http:\\\/\\\/businessculture.org\\\/wp-content\\\/uploads\\\/2013\\\/06\\\/Portugal-flag-240.png\",\"contentUrl\":\"http:\\\/\\\/businessculture.org\\\/wp-content\\\/uploads\\\/2013\\\/06\\\/Portugal-flag-240.png\"},{\"@type\":\"BreadcrumbList\",\"@id\":\"https:\\\/\\\/businessculture.org\\\/cz\\\/southern-europe\\\/portugal\\\/#breadcrumb\",\"itemListElement\":[{\"@type\":\"ListItem\",\"position\":1,\"name\":\"Home\",\"item\":\"https:\\\/\\\/businessculture.org\\\/cz\\\/\"},{\"@type\":\"ListItem\",\"position\":2,\"name\":\"Southern Europe\",\"item\":\"https:\\\/\\\/businessculture.org\\\/cz\\\/southern-europe\\\/\"},{\"@type\":\"ListItem\",\"position\":3,\"name\":\"Portugal (Portugalsko)\"}]},{\"@type\":\"WebSite\",\"@id\":\"https:\\\/\\\/businessculture.org\\\/cz\\\/#website\",\"url\":\"https:\\\/\\\/businessculture.org\\\/cz\\\/\",\"name\":\"Business Culture Czech Republic\",\"description\":\"Just another Business Culture site\",\"potentialAction\":[{\"@type\":\"SearchAction\",\"target\":{\"@type\":\"EntryPoint\",\"urlTemplate\":\"https:\\\/\\\/businessculture.org\\\/cz\\\/?s={search_term_string}\"},\"query-input\":{\"@type\":\"PropertyValueSpecification\",\"valueRequired\":true,\"valueName\":\"search_term_string\"}}],\"inLanguage\":\"en-US\"}]}<\/script>\n<!-- \/ Yoast SEO plugin. -->","yoast_head_json":{"title":"Portugal (Portugalsko) - Business Culture Czech Republic","robots":{"index":"index","follow":"follow","max-snippet":"max-snippet:-1","max-image-preview":"max-image-preview:large","max-video-preview":"max-video-preview:-1"},"canonical":"https:\/\/businessculture.org\/cz\/southern-europe\/portugal\/","twitter_misc":{"Est. reading time":"4 minutes"},"schema":{"@context":"https:\/\/schema.org","@graph":[{"@type":"WebPage","@id":"https:\/\/businessculture.org\/cz\/southern-europe\/portugal\/","url":"https:\/\/businessculture.org\/cz\/southern-europe\/portugal\/","name":"Portugal (Portugalsko) - Business Culture Czech Republic","isPartOf":{"@id":"https:\/\/businessculture.org\/cz\/#website"},"primaryImageOfPage":{"@id":"https:\/\/businessculture.org\/cz\/southern-europe\/portugal\/#primaryimage"},"image":{"@id":"https:\/\/businessculture.org\/cz\/southern-europe\/portugal\/#primaryimage"},"thumbnailUrl":"http:\/\/businessculture.org\/wp-content\/uploads\/2013\/06\/Portugal-flag-240.png","datePublished":"2013-08-14T10:28:07+00:00","dateModified":"2013-11-15T16:21:47+00:00","breadcrumb":{"@id":"https:\/\/businessculture.org\/cz\/southern-europe\/portugal\/#breadcrumb"},"inLanguage":"en-US","potentialAction":[{"@type":"ReadAction","target":["https:\/\/businessculture.org\/cz\/southern-europe\/portugal\/"]}]},{"@type":"ImageObject","inLanguage":"en-US","@id":"https:\/\/businessculture.org\/cz\/southern-europe\/portugal\/#primaryimage","url":"http:\/\/businessculture.org\/wp-content\/uploads\/2013\/06\/Portugal-flag-240.png","contentUrl":"http:\/\/businessculture.org\/wp-content\/uploads\/2013\/06\/Portugal-flag-240.png"},{"@type":"BreadcrumbList","@id":"https:\/\/businessculture.org\/cz\/southern-europe\/portugal\/#breadcrumb","itemListElement":[{"@type":"ListItem","position":1,"name":"Home","item":"https:\/\/businessculture.org\/cz\/"},{"@type":"ListItem","position":2,"name":"Southern Europe","item":"https:\/\/businessculture.org\/cz\/southern-europe\/"},{"@type":"ListItem","position":3,"name":"Portugal (Portugalsko)"}]},{"@type":"WebSite","@id":"https:\/\/businessculture.org\/cz\/#website","url":"https:\/\/businessculture.org\/cz\/","name":"Business Culture Czech Republic","description":"Just another Business Culture site","potentialAction":[{"@type":"SearchAction","target":{"@type":"EntryPoint","urlTemplate":"https:\/\/businessculture.org\/cz\/?s={search_term_string}"},"query-input":{"@type":"PropertyValueSpecification","valueRequired":true,"valueName":"search_term_string"}}],"inLanguage":"en-US"}]}},"_links":{"self":[{"href":"https:\/\/businessculture.org\/cz\/wp-json\/wp\/v2\/pages\/145","targetHints":{"allow":["GET"]}}],"collection":[{"href":"https:\/\/businessculture.org\/cz\/wp-json\/wp\/v2\/pages"}],"about":[{"href":"https:\/\/businessculture.org\/cz\/wp-json\/wp\/v2\/types\/page"}],"author":[{"embeddable":true,"href":"https:\/\/businessculture.org\/cz\/wp-json\/wp\/v2\/users\/1"}],"replies":[{"embeddable":true,"href":"https:\/\/businessculture.org\/cz\/wp-json\/wp\/v2\/comments?post=145"}],"version-history":[{"count":8,"href":"https:\/\/businessculture.org\/cz\/wp-json\/wp\/v2\/pages\/145\/revisions"}],"predecessor-version":[{"id":649,"href":"https:\/\/businessculture.org\/cz\/wp-json\/wp\/v2\/pages\/145\/revisions\/649"}],"up":[{"embeddable":true,"href":"https:\/\/businessculture.org\/cz\/wp-json\/wp\/v2\/pages\/35"}],"wp:attachment":[{"href":"https:\/\/businessculture.org\/cz\/wp-json\/wp\/v2\/media?parent=145"}],"curies":[{"name":"wp","href":"https:\/\/api.w.org\/{rel}","templated":true}]}}