{"id":59,"date":"2013-08-13T11:54:11","date_gmt":"2013-08-13T11:54:11","guid":{"rendered":"http:\/\/businessculture.org\/de\/?page_id=59"},"modified":"2014-08-21T14:41:45","modified_gmt":"2014-08-21T14:41:45","slug":"home","status":"publish","type":"page","link":"https:\/\/businessculture.org\/ro\/","title":{"rendered":"Vast\u0103 preg\u0103tire \u00een cunoa\u015fterea cultural\u0103 interna\u0163ional\u0103"},"content":{"rendered":"<p><img loading=\"lazy\" decoding=\"async\" class=\"alignnone size-full wp-image-10853\" src=\"http:\/\/businessculture.org\/ro\/wp-content\/uploads\/2013\/05\/business-culture-europe-flags-map1.gif\" alt=\"business-culture-europe-flags-map1\" usemap=\"#Map\" width=\"604\" height=\"503\" \/><\/p>\n<map id=\"Map\" name=\"Map\">\n<area title=\"Danemarca\" alt=\"Danemarca\" coords=\"195,230,225,254\" shape=\"rect\" href=\"http:\/\/businessculture.org\/ro\/northern-europe\/denmark\/\" \/>\n<area title=\"Slovenia\" alt=\"Slovenia\" coords=\"228,347,263,366\" shape=\"rect\" href=\"http:\/\/businessculture.org\/ro\/southern-europe\/slovenia\/\" \/>\n<area title=\"Croa\u0163ia\" alt=\"Croa\u0163ia \" coords=\"263,343,298,362\" shape=\"rect\" href=\"http:\/\/businessculture.org\/ro\/southern-europe\/croatia\/\" \/>\n<area title=\"Cipru\" alt=\"Cipru\" coords=\"443,447,473,471\" shape=\"rect\" href=\"http:\/\/businessculture.org\/ro\/southern-europe\/cyprus\/\" \/>\n<area title=\"Ungaria\" alt=\"Ungaria\" coords=\"274,319,308,339\" shape=\"rect\" href=\"http:\/\/businessculture.org\/ro\/eastern-europe\/hungary\" \/>\n<area title=\"Austria\" alt=\"Austria\" coords=\"238,320,268,344\" shape=\"rect\" href=\"http:\/\/businessculture.org\/ro\/western-europe\/austria\/\" \/>\n<area title=\"Lithuania\" alt=\"Lithania\" coords=\"300,216,330,240\" shape=\"rect\" href=\"http:\/\/businessculture.org\/ro\/eastern-europe\/lithuania\/\" \/>\n<area title=\"Rom\u00e2nia \" alt=\"Rom\u00e2nia \" coords=\"323,328,371,362\" shape=\"rect\" href=\"http:\/\/businessculture.org\/ro\/eastern-europe\/romania\/\" \/>\n<area title=\"Polonia\" alt=\"Polonia\" coords=\"256,250,312,285\" shape=\"rect\" href=\"http:\/\/businessculture.org\/ro\/eastern-europe\/poland\/\" \/>\n<area title=\"Slovacia\" alt=\"Slovacia\" coords=\"278,294,308,318\" shape=\"rect\" href=\"http:\/\/businessculture.org\/ro\/eastern-europe\/slovakia\/\" \/>\n<area title=\"Letonia\" alt=\"Letonia\" coords=\"295,195,330,214\" shape=\"rect\" href=\"http:\/\/businessculture.org\/ro\/eastern-europe\/latvia\/\" \/>\n<area title=\"Turcia\" alt=\"Turcia\" coords=\"383,379,484,438\" shape=\"rect\" href=\"http:\/\/businessculture.org\/ro\/southern-europe\/turkey\/\" \/>\n<area title=\"Bulgaria\" alt=\"Bulgaria\" coords=\"348,371,378,395\" shape=\"rect\" href=\"http:\/\/businessculture.org\/ro\/eastern-europe\/bulgaria\/\" \/>\n<area title=\"Fosta Republic\u0103 Iugoslav\u0103 a Macedoniei \" alt=\"Fosta Republic\u0103 Iugoslav\u0103 a Macedoniei \" coords=\"316,392,346,416\" shape=\"rect\" href=\"http:\/\/businessculture.org\/ro\/southern-europe\/former-yugoslav-republic-of-macedonia-fyrom\/\" \/>\n<area title=\"Grecia\" alt=\"Grecia\" coords=\"320,422,368,488\" shape=\"rect\" href=\"http:\/\/businessculture.org\/ro\/eastern-europe\/greece\" \/>\n<area title=\"Malta\" alt=\"Malta\" coords=\"252,476,282,500\" shape=\"rect\" href=\"http:\/\/businessculture.org\/ro\/eastern-europe\/malta\" \/>\n<area title=\"Italia\" alt=\"Italia\" coords=\"225,388,279,430\" shape=\"rect\" href=\"http:\/\/businessculture.org\/ro\/eastern-europe\/italy\/\" \/>\n<area title=\"Republica Ceh\u0103\" alt=\"Republica Ceh\u0103\" coords=\"238,294,268,318\" shape=\"rect\" href=\"http:\/\/businessculture.org\/ro\/eastern-europe\/czech-republic\/\" \/>\n<area title=\"Germania\" alt=\"Germania\" coords=\"195,260,229,302\" shape=\"rect\" href=\"http:\/\/businessculture.org\/ro\/western-europe\/germany\" \/>\n<area title=\"Belgia\" alt=\"Belgia\" coords=\"157,283,187,307\" shape=\"rect\" href=\"http:\/\/businessculture.org\/ro\/western-europe\/belgium\/\" \/>\n<area title=\"Olanda\" alt=\"Olanda\" coords=\"163,256,193,280\" shape=\"rect\" href=\"http:\/\/businessculture.org\/ro\/western-europe\/netherlands\/\" \/>\n<area title=\"Fran\u0163a\" alt=\"Fran\u0163a \" coords=\"109,315,171,383\" shape=\"rect\" href=\"http:\/\/businessculture.org\/ro\/southern-europe\/france\/\" \/>\n<area title=\"Spania\" alt=\"Spania\" coords=\"58,386,101,455\" shape=\"rect\" href=\"http:\/\/businessculture.org\/ro\/southern-europe\/spain\/\" \/>\n<area title=\"Marea Britanie\" alt=\"Marea Britanie\" coords=\"96,185,145,291\" shape=\"rect\" href=\"http:\/\/businessculture.org\/ro\/northern-europe\/united-kingdom\/\" \/>\n<area title=\"Estonia\" alt=\"Estonia\" coords=\"304,171,334,195\" shape=\"rect\" href=\"http:\/\/businessculture.org\/ro\/northern-europe\/estonia\/\" \/>\n<area title=\"Finlanda\" alt=\"Finlanda\" coords=\"292,77,325,156\" shape=\"rect\" href=\"http:\/\/businessculture.org\/ro\/northern-europe\/finland\/\" \/>\n<area title=\"Portugalia\" alt=\"Portugalia\" coords=\"4,391,36,442\" shape=\"rect\" href=\"http:\/\/businessculture.org\/ro\/southern-europe\/portugal\/\" \/>\n<area title=\"Irlanda\" alt=\"Irlanda\" coords=\"48,235,85,267\" shape=\"rect\" href=\"http:\/\/businessculture.org\/ro\/northern-europe\/ireland\/\" \/>\n<area title=\"Islanda\" alt=\"Islanda\" coords=\"20,41,88,105\" shape=\"rect\" href=\"http:\/\/businessculture.org\/ro\/northern-europe\/iceland\/\" \/>\n<area title=\"Suedia\" alt=\"Suedia\" coords=\"233,99,267,221\" shape=\"rect\" href=\"http:\/\/businessculture.org\/ro\/northern-europe\/sweden\/\" \/>\n<area title=\"Luxemburg\" alt=\"Luxemburg\" coords=\"175,305,206,326\" shape=\"rect\" href=\"http:\/\/businessculture.org\/ro\/western-europe\/luxembourg\/\" \/> <\/map>\n<p>Faci parte dintr-o \u00eentreprindere mic\u0103 sau mijlocie (IMM-uri) sau e\u015fti un student care se g\u00e2nde\u015fte s\u0103 se stabileasc\u0103 \u00eentr-o alt\u0103 \u0163ar\u0103 european\u0103 \u015fi ai nevoie de ajutor despre diferen\u0163ele culturale \u00een afaceri? Dac\u0103 este a\u015fa, businessculture.org este aici pentru a ajuta! Proiectul <strong>Pa\u015faport pentru comer\u0163 2.0<\/strong> v\u0103 ofer\u0103 o vast\u0103 preg\u0103tire \u00een cunoa\u015fterea cultural\u0103 interna\u0163ional\u0103.<\/p>\n<p><strong>Pa\u015faport pentru comer\u0163 2.0<\/strong> ofer\u0103 cuno\u015ftin\u0163e la zi pentru a v\u0103 ajuta cu marketing-ul social media \u00een 31 de \u0163\u0103ri. Acest lucru v\u0103 va permite s\u0103 aborda\u0163i mai eficient noi oportunit\u0103\u0163i de afaceri \u015fi de a ajuta IMM-urile s\u0103 se extind\u0103 pe noi teritorii. Studen\u0163ii au, de asemenea, o oportunitate de a accesa resurse gratuite pentru a se informa despre activitatea lor de munc\u0103 \u015fi studiu \u00een lume.<\/p>\n","protected":false},"excerpt":{"rendered":"<p>Faci parte dintr-o \u00eentreprindere mic\u0103 sau mijlocie (IMM-uri) sau e\u015fti un student care se g\u00e2nde\u015fte s\u0103 se stabileasc\u0103 \u00eentr-o alt\u0103 \u0163ar\u0103 european\u0103 \u015fi ai nevoie de ajutor despre diferen\u0163ele culturale \u00een afaceri? Dac\u0103 este a\u015fa, businessculture.org este aici pentru a ajuta! Proiectul Pa\u015faport pentru comer\u0163 2.0 v\u0103 ofer\u0103 o vast\u0103 preg\u0103tire \u00een cunoa\u015fterea cultural\u0103 interna\u0163ional\u0103. &hellip; <a href=\"https:\/\/businessculture.org\/ro\/\" class=\"more-link\">Continue reading <span class=\"screen-reader-text\">Vast\u0103 preg\u0103tire \u00een cunoa\u015fterea cultural\u0103 interna\u0163ional\u0103<\/span> <span class=\"meta-nav\">&rarr;<\/span><\/a><\/p>\n","protected":false},"author":1,"featured_media":0,"parent":0,"menu_order":-1,"comment_status":"closed","ping_status":"closed","template":"","meta":{"footnotes":""},"class_list":["post-59","page","type-page","status-publish","hentry"],"yoast_head":"<!-- This site is optimized with the Yoast SEO plugin v27.4 - https:\/\/yoast.com\/product\/yoast-seo-wordpress\/ -->\n<title>Vast\u0103 preg\u0103tire \u00een cunoa\u015fterea cultural\u0103 interna\u0163ional\u0103<\/title>\n<meta name=\"robots\" content=\"index, follow, max-snippet:-1, max-image-preview:large, max-video-preview:-1\" \/>\n<link rel=\"canonical\" href=\"https:\/\/businessculture.org\/ro\/\" \/>\n<meta name=\"twitter:label1\" content=\"Est. reading time\" \/>\n\t<meta name=\"twitter:data1\" content=\"1 minute\" \/>\n<script type=\"application\/ld+json\" class=\"yoast-schema-graph\">{\"@context\":\"https:\\\/\\\/schema.org\",\"@graph\":[{\"@type\":\"WebPage\",\"@id\":\"https:\\\/\\\/businessculture.org\\\/ro\\\/\",\"url\":\"https:\\\/\\\/businessculture.org\\\/ro\\\/\",\"name\":\"Vast\u0103 preg\u0103tire \u00een cunoa\u015fterea cultural\u0103 interna\u0163ional\u0103\",\"isPartOf\":{\"@id\":\"https:\\\/\\\/businessculture.org\\\/ro\\\/#website\"},\"primaryImageOfPage\":{\"@id\":\"https:\\\/\\\/businessculture.org\\\/ro\\\/#primaryimage\"},\"image\":{\"@id\":\"https:\\\/\\\/businessculture.org\\\/ro\\\/#primaryimage\"},\"thumbnailUrl\":\"http:\\\/\\\/businessculture.org\\\/ro\\\/wp-content\\\/uploads\\\/2013\\\/05\\\/business-culture-europe-flags-map1.gif\",\"datePublished\":\"2013-08-13T11:54:11+00:00\",\"dateModified\":\"2014-08-21T14:41:45+00:00\",\"breadcrumb\":{\"@id\":\"https:\\\/\\\/businessculture.org\\\/ro\\\/#breadcrumb\"},\"inLanguage\":\"en-US\",\"potentialAction\":[{\"@type\":\"ReadAction\",\"target\":[\"https:\\\/\\\/businessculture.org\\\/ro\\\/\"]}]},{\"@type\":\"ImageObject\",\"inLanguage\":\"en-US\",\"@id\":\"https:\\\/\\\/businessculture.org\\\/ro\\\/#primaryimage\",\"url\":\"http:\\\/\\\/businessculture.org\\\/ro\\\/wp-content\\\/uploads\\\/2013\\\/05\\\/business-culture-europe-flags-map1.gif\",\"contentUrl\":\"http:\\\/\\\/businessculture.org\\\/ro\\\/wp-content\\\/uploads\\\/2013\\\/05\\\/business-culture-europe-flags-map1.gif\"},{\"@type\":\"BreadcrumbList\",\"@id\":\"https:\\\/\\\/businessculture.org\\\/ro\\\/#breadcrumb\",\"itemListElement\":[{\"@type\":\"ListItem\",\"position\":1,\"name\":\"Home\",\"item\":\"https:\\\/\\\/businessculture.org\\\/ro\\\/\"},{\"@type\":\"ListItem\",\"position\":2,\"name\":\"Vast\u0103 preg\u0103tire \u00een cunoa\u015fterea cultural\u0103 interna\u0163ional\u0103\"}]},{\"@type\":\"WebSite\",\"@id\":\"https:\\\/\\\/businessculture.org\\\/ro\\\/#website\",\"url\":\"https:\\\/\\\/businessculture.org\\\/ro\\\/\",\"name\":\"Business Culture Romania\",\"description\":\"Business Culture Romania\",\"potentialAction\":[{\"@type\":\"SearchAction\",\"target\":{\"@type\":\"EntryPoint\",\"urlTemplate\":\"https:\\\/\\\/businessculture.org\\\/ro\\\/?s={search_term_string}\"},\"query-input\":{\"@type\":\"PropertyValueSpecification\",\"valueRequired\":true,\"valueName\":\"search_term_string\"}}],\"inLanguage\":\"en-US\"}]}<\/script>\n<!-- \/ Yoast SEO plugin. -->","yoast_head_json":{"title":"Vast\u0103 preg\u0103tire \u00een cunoa\u015fterea cultural\u0103 interna\u0163ional\u0103","robots":{"index":"index","follow":"follow","max-snippet":"max-snippet:-1","max-image-preview":"max-image-preview:large","max-video-preview":"max-video-preview:-1"},"canonical":"https:\/\/businessculture.org\/ro\/","twitter_misc":{"Est. reading time":"1 minute"},"schema":{"@context":"https:\/\/schema.org","@graph":[{"@type":"WebPage","@id":"https:\/\/businessculture.org\/ro\/","url":"https:\/\/businessculture.org\/ro\/","name":"Vast\u0103 preg\u0103tire \u00een cunoa\u015fterea cultural\u0103 interna\u0163ional\u0103","isPartOf":{"@id":"https:\/\/businessculture.org\/ro\/#website"},"primaryImageOfPage":{"@id":"https:\/\/businessculture.org\/ro\/#primaryimage"},"image":{"@id":"https:\/\/businessculture.org\/ro\/#primaryimage"},"thumbnailUrl":"http:\/\/businessculture.org\/ro\/wp-content\/uploads\/2013\/05\/business-culture-europe-flags-map1.gif","datePublished":"2013-08-13T11:54:11+00:00","dateModified":"2014-08-21T14:41:45+00:00","breadcrumb":{"@id":"https:\/\/businessculture.org\/ro\/#breadcrumb"},"inLanguage":"en-US","potentialAction":[{"@type":"ReadAction","target":["https:\/\/businessculture.org\/ro\/"]}]},{"@type":"ImageObject","inLanguage":"en-US","@id":"https:\/\/businessculture.org\/ro\/#primaryimage","url":"http:\/\/businessculture.org\/ro\/wp-content\/uploads\/2013\/05\/business-culture-europe-flags-map1.gif","contentUrl":"http:\/\/businessculture.org\/ro\/wp-content\/uploads\/2013\/05\/business-culture-europe-flags-map1.gif"},{"@type":"BreadcrumbList","@id":"https:\/\/businessculture.org\/ro\/#breadcrumb","itemListElement":[{"@type":"ListItem","position":1,"name":"Home","item":"https:\/\/businessculture.org\/ro\/"},{"@type":"ListItem","position":2,"name":"Vast\u0103 preg\u0103tire \u00een cunoa\u015fterea cultural\u0103 interna\u0163ional\u0103"}]},{"@type":"WebSite","@id":"https:\/\/businessculture.org\/ro\/#website","url":"https:\/\/businessculture.org\/ro\/","name":"Business Culture Romania","description":"Business Culture Romania","potentialAction":[{"@type":"SearchAction","target":{"@type":"EntryPoint","urlTemplate":"https:\/\/businessculture.org\/ro\/?s={search_term_string}"},"query-input":{"@type":"PropertyValueSpecification","valueRequired":true,"valueName":"search_term_string"}}],"inLanguage":"en-US"}]}},"_links":{"self":[{"href":"https:\/\/businessculture.org\/ro\/wp-json\/wp\/v2\/pages\/59","targetHints":{"allow":["GET"]}}],"collection":[{"href":"https:\/\/businessculture.org\/ro\/wp-json\/wp\/v2\/pages"}],"about":[{"href":"https:\/\/businessculture.org\/ro\/wp-json\/wp\/v2\/types\/page"}],"author":[{"embeddable":true,"href":"https:\/\/businessculture.org\/ro\/wp-json\/wp\/v2\/users\/1"}],"replies":[{"embeddable":true,"href":"https:\/\/businessculture.org\/ro\/wp-json\/wp\/v2\/comments?post=59"}],"version-history":[{"count":6,"href":"https:\/\/businessculture.org\/ro\/wp-json\/wp\/v2\/pages\/59\/revisions"}],"predecessor-version":[{"id":475,"href":"https:\/\/businessculture.org\/ro\/wp-json\/wp\/v2\/pages\/59\/revisions\/475"}],"wp:attachment":[{"href":"https:\/\/businessculture.org\/ro\/wp-json\/wp\/v2\/media?parent=59"}],"curies":[{"name":"wp","href":"https:\/\/api.w.org\/{rel}","templated":true}]}}